{"id":2,"date":"2019-10-04T00:59:13","date_gmt":"2019-10-04T00:59:13","guid":{"rendered":"http:\/\/tbcindustrial.com.mx\/?page_id=2"},"modified":"2025-05-29T23:35:44","modified_gmt":"2025-05-29T23:35:44","slug":"sample-page","status":"publish","type":"page","link":"http:\/\/tbcindustrial.com.mx\/","title":{"rendered":"Venta y renta de inmuebles industriales"},"content":{"rendered":"\n<div class=\"wp-block-cover is-light\"><img loading=\"lazy\" decoding=\"async\" width=\"5184\" height=\"3456\" class=\"wp-block-cover__image-background wp-image-33\" alt=\"\" src=\"http:\/\/tbcindustrial.com.mx\/wp-content\/uploads\/2019\/10\/pagina-web-la-noria-10.jpg\" data-object-fit=\"cover\" srcset=\"http:\/\/tbcindustrial.com.mx\/wp-content\/uploads\/2019\/10\/pagina-web-la-noria-10.jpg 5184w, http:\/\/tbcindustrial.com.mx\/wp-content\/uploads\/2019\/10\/pagina-web-la-noria-10-300x200.jpg 300w, http:\/\/tbcindustrial.com.mx\/wp-content\/uploads\/2019\/10\/pagina-web-la-noria-10-768x512.jpg 768w, http:\/\/tbcindustrial.com.mx\/wp-content\/uploads\/2019\/10\/pagina-web-la-noria-10-1024x683.jpg 1024w\" sizes=\"auto, (max-width: 5184px) 100vw, 5184px\" \/><span aria-hidden=\"true\" class=\"wp-block-cover__background has-very-dark-gray-background-color has-background-dim-80 has-background-dim\"><\/span><div class=\"wp-block-cover__inner-container is-layout-flow wp-block-cover-is-layout-flow\">\n<p class=\"has-text-align-center has-white-color has-text-color has-link-color has-large-font-size wp-elements-2c7378d31df8e79b96d6db9fd70125d8\">Cont\u00e1ctanos ahora <\/p>\n\n\n\n<p class=\"has-text-align-center has-white-color has-text-color has-link-color has-large-font-size wp-elements-701a7ced2aa2b692e3900048ca3b983d\">+52 55 5308 7310<\/p>\n\n\n\n<p class=\"has-text-align-center has-white-color has-text-color has-link-color has-large-font-size wp-elements-25ced3d41fa8ec6916521002a04d1923\">ventas@tbcindustrial.com.mx <\/p>\n<\/div><\/div>\n\n\n\n<p>Intermediaci\u00f3n inmobiliaria Industrial<\/p>\n\n\n\n<ul class=\"wp-block-list\">\n<li><em>Nuestro objetivo, es mejorar la b\u00fasqueda de bodega, nave industrial y\/o terreno urbanizado para que \u00e9ste, sea utilizado para la operaci\u00f3n rutinaria<\/em> <\/li>\n<\/ul>\n\n\n\n<p>Pregunta por nuestro inventario actualizado +52 55 5308 7310<\/p>\n\n\n\n<p>Fachadas y espacios internos de nuestras opciones<\/p>\n\n\n\n<figure class=\"wp-block-gallery has-nested-images columns-4 is-cropped wp-block-gallery-1 is-layout-flex wp-block-gallery-is-layout-flex\">\n<figure class=\"wp-block-image size-large\"><img loading=\"lazy\" decoding=\"async\" width=\"1024\" height=\"576\" data-id=\"87\" src=\"https:\/\/tbcindustrial.com.mx\/wp-content\/uploads\/2020\/01\/fachada-edificio-pyme-1024x576.jpeg\" alt=\"bodega en alquiler Quer\u00e9taro\" class=\"wp-image-87\" srcset=\"http:\/\/tbcindustrial.com.mx\/wp-content\/uploads\/2020\/01\/fachada-edificio-pyme-1024x576.jpeg 1024w, http:\/\/tbcindustrial.com.mx\/wp-content\/uploads\/2020\/01\/fachada-edificio-pyme-300x169.jpeg 300w, http:\/\/tbcindustrial.com.mx\/wp-content\/uploads\/2020\/01\/fachada-edificio-pyme-768x432.jpeg 768w, http:\/\/tbcindustrial.com.mx\/wp-content\/uploads\/2020\/01\/fachada-edificio-pyme.jpeg 1032w\" sizes=\"auto, (max-width: 1024px) 100vw, 1024px\" \/><\/figure>\n\n\n\n<figure class=\"wp-block-image size-large\"><img loading=\"lazy\" decoding=\"async\" width=\"1024\" height=\"683\" data-id=\"42\" src=\"https:\/\/tbcindustrial.com.mx\/wp-content\/uploads\/2019\/10\/pagina-web-la-noria-8-1-1-1024x683.jpg\" alt=\"bodega en alquiler Quer\u00e9taro\" class=\"wp-image-42\" srcset=\"http:\/\/tbcindustrial.com.mx\/wp-content\/uploads\/2019\/10\/pagina-web-la-noria-8-1-1-1024x683.jpg 1024w, http:\/\/tbcindustrial.com.mx\/wp-content\/uploads\/2019\/10\/pagina-web-la-noria-8-1-1-300x200.jpg 300w, http:\/\/tbcindustrial.com.mx\/wp-content\/uploads\/2019\/10\/pagina-web-la-noria-8-1-1-768x512.jpg 768w\" sizes=\"auto, (max-width: 1024px) 100vw, 1024px\" \/><\/figure>\n\n\n\n<figure class=\"wp-block-image size-large\"><img loading=\"lazy\" decoding=\"async\" width=\"1024\" height=\"683\" data-id=\"36\" src=\"https:\/\/tbcindustrial.com.mx\/wp-content\/uploads\/2019\/10\/pagina-web-la-noria-1024x683.jpg\" alt=\"bodega en alquiler Quer\u00e9taro\" class=\"wp-image-36\" srcset=\"http:\/\/tbcindustrial.com.mx\/wp-content\/uploads\/2019\/10\/pagina-web-la-noria-1024x683.jpg 1024w, http:\/\/tbcindustrial.com.mx\/wp-content\/uploads\/2019\/10\/pagina-web-la-noria-300x200.jpg 300w, http:\/\/tbcindustrial.com.mx\/wp-content\/uploads\/2019\/10\/pagina-web-la-noria-768x512.jpg 768w\" sizes=\"auto, (max-width: 1024px) 100vw, 1024px\" \/><\/figure>\n\n\n\n<figure class=\"wp-block-image size-large\"><img loading=\"lazy\" decoding=\"async\" width=\"1024\" height=\"683\" data-id=\"32\" src=\"https:\/\/tbcindustrial.com.mx\/wp-content\/uploads\/2019\/10\/pagina-web-la-noria-9-1024x683.jpg\" alt=\"bodega en alquiler Quer\u00e9taro\" class=\"wp-image-32\" srcset=\"http:\/\/tbcindustrial.com.mx\/wp-content\/uploads\/2019\/10\/pagina-web-la-noria-9-1024x683.jpg 1024w, http:\/\/tbcindustrial.com.mx\/wp-content\/uploads\/2019\/10\/pagina-web-la-noria-9-300x200.jpg 300w, http:\/\/tbcindustrial.com.mx\/wp-content\/uploads\/2019\/10\/pagina-web-la-noria-9-768x512.jpg 768w\" sizes=\"auto, (max-width: 1024px) 100vw, 1024px\" \/><\/figure>\n\n\n\n<figure class=\"wp-block-image size-large\"><img loading=\"lazy\" decoding=\"async\" width=\"1024\" height=\"768\" data-id=\"96\" src=\"https:\/\/tbcindustrial.com.mx\/wp-content\/uploads\/2020\/01\/WhatsApp-Image-2019-12-31-at-1.11.16-PM-1-1024x768.jpeg\" alt=\"bodega en alquiler Quer\u00e9taro\" class=\"wp-image-96\" srcset=\"http:\/\/tbcindustrial.com.mx\/wp-content\/uploads\/2020\/01\/WhatsApp-Image-2019-12-31-at-1.11.16-PM-1-1024x768.jpeg 1024w, http:\/\/tbcindustrial.com.mx\/wp-content\/uploads\/2020\/01\/WhatsApp-Image-2019-12-31-at-1.11.16-PM-1-300x225.jpeg 300w, http:\/\/tbcindustrial.com.mx\/wp-content\/uploads\/2020\/01\/WhatsApp-Image-2019-12-31-at-1.11.16-PM-1-768x576.jpeg 768w, http:\/\/tbcindustrial.com.mx\/wp-content\/uploads\/2020\/01\/WhatsApp-Image-2019-12-31-at-1.11.16-PM-1.jpeg 1080w\" sizes=\"auto, (max-width: 1024px) 100vw, 1024px\" \/><\/figure>\n\n\n\n<figure class=\"wp-block-image size-large\"><img loading=\"lazy\" decoding=\"async\" width=\"1024\" height=\"768\" data-id=\"101\" src=\"https:\/\/tbcindustrial.com.mx\/wp-content\/uploads\/2020\/01\/WhatsApp-Image-2019-12-31-at-1.11.19-PM-1024x768.jpeg\" alt=\"bodega en alquiler Quer\u00e9taro\" class=\"wp-image-101\" srcset=\"http:\/\/tbcindustrial.com.mx\/wp-content\/uploads\/2020\/01\/WhatsApp-Image-2019-12-31-at-1.11.19-PM-1024x768.jpeg 1024w, http:\/\/tbcindustrial.com.mx\/wp-content\/uploads\/2020\/01\/WhatsApp-Image-2019-12-31-at-1.11.19-PM-300x225.jpeg 300w, http:\/\/tbcindustrial.com.mx\/wp-content\/uploads\/2020\/01\/WhatsApp-Image-2019-12-31-at-1.11.19-PM-768x576.jpeg 768w, http:\/\/tbcindustrial.com.mx\/wp-content\/uploads\/2020\/01\/WhatsApp-Image-2019-12-31-at-1.11.19-PM.jpeg 1080w\" sizes=\"auto, (max-width: 1024px) 100vw, 1024px\" \/><\/figure>\n\n\n\n<figure class=\"wp-block-image size-large\"><img loading=\"lazy\" decoding=\"async\" width=\"1024\" height=\"768\" data-id=\"102\" src=\"https:\/\/tbcindustrial.com.mx\/wp-content\/uploads\/2020\/01\/WhatsApp-Image-2019-12-31-at-1.11.20-PM-1-1024x768.jpeg\" alt=\"bodega en alquiler Quer\u00e9taro\" class=\"wp-image-102\" srcset=\"http:\/\/tbcindustrial.com.mx\/wp-content\/uploads\/2020\/01\/WhatsApp-Image-2019-12-31-at-1.11.20-PM-1-1024x768.jpeg 1024w, http:\/\/tbcindustrial.com.mx\/wp-content\/uploads\/2020\/01\/WhatsApp-Image-2019-12-31-at-1.11.20-PM-1-300x225.jpeg 300w, http:\/\/tbcindustrial.com.mx\/wp-content\/uploads\/2020\/01\/WhatsApp-Image-2019-12-31-at-1.11.20-PM-1-768x576.jpeg 768w, http:\/\/tbcindustrial.com.mx\/wp-content\/uploads\/2020\/01\/WhatsApp-Image-2019-12-31-at-1.11.20-PM-1.jpeg 1080w\" sizes=\"auto, (max-width: 1024px) 100vw, 1024px\" \/><\/figure>\n\n\n\n<figure class=\"wp-block-image size-large\"><img loading=\"lazy\" decoding=\"async\" width=\"1024\" height=\"768\" data-id=\"104\" src=\"https:\/\/tbcindustrial.com.mx\/wp-content\/uploads\/2020\/01\/WhatsApp-Image-2019-12-31-at-1.11.20-PM-3-1024x768.jpeg\" alt=\"bodega en alquiler Quer\u00e9taro\" class=\"wp-image-104\" srcset=\"http:\/\/tbcindustrial.com.mx\/wp-content\/uploads\/2020\/01\/WhatsApp-Image-2019-12-31-at-1.11.20-PM-3-1024x768.jpeg 1024w, http:\/\/tbcindustrial.com.mx\/wp-content\/uploads\/2020\/01\/WhatsApp-Image-2019-12-31-at-1.11.20-PM-3-300x225.jpeg 300w, http:\/\/tbcindustrial.com.mx\/wp-content\/uploads\/2020\/01\/WhatsApp-Image-2019-12-31-at-1.11.20-PM-3-768x576.jpeg 768w, http:\/\/tbcindustrial.com.mx\/wp-content\/uploads\/2020\/01\/WhatsApp-Image-2019-12-31-at-1.11.20-PM-3.jpeg 1080w\" sizes=\"auto, (max-width: 1024px) 100vw, 1024px\" \/><\/figure>\n\n\n\n<figure class=\"wp-block-image size-large\"><img loading=\"lazy\" decoding=\"async\" width=\"1024\" height=\"768\" data-id=\"105\" src=\"https:\/\/tbcindustrial.com.mx\/wp-content\/uploads\/2020\/01\/WhatsApp-Image-2019-12-31-at-1.11.20-PM-1024x768.jpeg\" alt=\"bodega en alquiler Quer\u00e9taro\" class=\"wp-image-105\" srcset=\"http:\/\/tbcindustrial.com.mx\/wp-content\/uploads\/2020\/01\/WhatsApp-Image-2019-12-31-at-1.11.20-PM-1024x768.jpeg 1024w, http:\/\/tbcindustrial.com.mx\/wp-content\/uploads\/2020\/01\/WhatsApp-Image-2019-12-31-at-1.11.20-PM-300x225.jpeg 300w, http:\/\/tbcindustrial.com.mx\/wp-content\/uploads\/2020\/01\/WhatsApp-Image-2019-12-31-at-1.11.20-PM-768x576.jpeg 768w, http:\/\/tbcindustrial.com.mx\/wp-content\/uploads\/2020\/01\/WhatsApp-Image-2019-12-31-at-1.11.20-PM.jpeg 1080w\" sizes=\"auto, (max-width: 1024px) 100vw, 1024px\" \/><\/figure>\n\n\n\n<figure class=\"wp-block-image size-large\"><img loading=\"lazy\" decoding=\"async\" width=\"1024\" height=\"768\" data-id=\"112\" src=\"https:\/\/tbcindustrial.com.mx\/wp-content\/uploads\/2020\/01\/d46902c108644974bb969003eefd0362-1024x768.jpg\" alt=\"bodega en alquiler Quer\u00e9taro\" class=\"wp-image-112\" srcset=\"http:\/\/tbcindustrial.com.mx\/wp-content\/uploads\/2020\/01\/d46902c108644974bb969003eefd0362-1024x768.jpg 1024w, http:\/\/tbcindustrial.com.mx\/wp-content\/uploads\/2020\/01\/d46902c108644974bb969003eefd0362-300x225.jpg 300w, http:\/\/tbcindustrial.com.mx\/wp-content\/uploads\/2020\/01\/d46902c108644974bb969003eefd0362-768x576.jpg 768w, http:\/\/tbcindustrial.com.mx\/wp-content\/uploads\/2020\/01\/d46902c108644974bb969003eefd0362.jpg 1040w\" sizes=\"auto, (max-width: 1024px) 100vw, 1024px\" \/><\/figure>\n\n\n\n<figure class=\"wp-block-image size-large\"><img loading=\"lazy\" decoding=\"async\" width=\"258\" height=\"195\" data-id=\"113\" src=\"https:\/\/tbcindustrial.com.mx\/wp-content\/uploads\/2020\/01\/descarga.jpeg\" alt=\"bodega en alquiler Quer\u00e9taro\" class=\"wp-image-113\"\/><\/figure>\n\n\n\n<figure class=\"wp-block-image size-large\"><img loading=\"lazy\" decoding=\"async\" width=\"750\" height=\"500\" data-id=\"114\" src=\"https:\/\/tbcindustrial.com.mx\/wp-content\/uploads\/2020\/01\/dur-a-flex-epoxico.jpg\" alt=\"bodega en alquiler Quer\u00e9taro\" class=\"wp-image-114\" srcset=\"http:\/\/tbcindustrial.com.mx\/wp-content\/uploads\/2020\/01\/dur-a-flex-epoxico.jpg 750w, http:\/\/tbcindustrial.com.mx\/wp-content\/uploads\/2020\/01\/dur-a-flex-epoxico-300x200.jpg 300w\" sizes=\"auto, (max-width: 750px) 100vw, 750px\" \/><\/figure>\n\n\n\n<figure class=\"wp-block-image size-large\"><img loading=\"lazy\" decoding=\"async\" width=\"1024\" height=\"768\" data-id=\"116\" src=\"https:\/\/tbcindustrial.com.mx\/wp-content\/uploads\/2020\/01\/samano-pame-5-1024x768.jpg\" alt=\"bodega en alquiler Quer\u00e9taro\" class=\"wp-image-116\" srcset=\"http:\/\/tbcindustrial.com.mx\/wp-content\/uploads\/2020\/01\/samano-pame-5-1024x768.jpg 1024w, http:\/\/tbcindustrial.com.mx\/wp-content\/uploads\/2020\/01\/samano-pame-5-300x225.jpg 300w, http:\/\/tbcindustrial.com.mx\/wp-content\/uploads\/2020\/01\/samano-pame-5-768x576.jpg 768w, http:\/\/tbcindustrial.com.mx\/wp-content\/uploads\/2020\/01\/samano-pame-5.jpg 1280w\" sizes=\"auto, (max-width: 1024px) 100vw, 1024px\" \/><\/figure>\n\n\n\n<figure class=\"wp-block-image size-large\"><img loading=\"lazy\" decoding=\"async\" width=\"1024\" height=\"768\" data-id=\"117\" src=\"https:\/\/tbcindustrial.com.mx\/wp-content\/uploads\/2020\/01\/samano-pame-6-1024x768.jpg\" alt=\"bodega en alquiler Quer\u00e9taro\" class=\"wp-image-117\" srcset=\"http:\/\/tbcindustrial.com.mx\/wp-content\/uploads\/2020\/01\/samano-pame-6-1024x768.jpg 1024w, http:\/\/tbcindustrial.com.mx\/wp-content\/uploads\/2020\/01\/samano-pame-6-300x225.jpg 300w, http:\/\/tbcindustrial.com.mx\/wp-content\/uploads\/2020\/01\/samano-pame-6-768x576.jpg 768w, http:\/\/tbcindustrial.com.mx\/wp-content\/uploads\/2020\/01\/samano-pame-6.jpg 1280w\" sizes=\"auto, (max-width: 1024px) 100vw, 1024px\" \/><\/figure>\n<\/figure>\n\n\n\n<blockquote class=\"wp-block-quote has-text-align-left is-style-large is-layout-flow wp-block-quote-is-layout-flow\">\n<p><strong> Terrenos y Bodegas Industriales de Cuautitl\u00e1n<\/strong><\/p>\n\n\n\n<p>Expertos<em> en las zonas de:<\/em><\/p>\n\n\n\n<p><strong>1.-<em>Estado de M\u00e9xico <\/em> <\/strong><\/p>\n\n\n\n<p><strong>2.-<em>Quer\u00e9taro<\/em> <\/strong><\/p>\n\n\n\n<p><strong>3.-<em>Toluca<\/em><\/strong><\/p>\n\n\n\n<p><strong>4.-Canc\u00fan<\/strong><\/p>\n\n\n\n<p>Contamos con m\u00e1s de 5 d\u00e9cadas de experiencia en bienes ra\u00edces<\/p>\n\n\n\n<p>Enfocados en brindar soluciones inmobiliarias a un costado de industria tractora gracias a marcas como; Walmart, Ford, Amazon, Prologis, PEPSICO <\/p>\n\n\n\n<p>Los usuarios finales nos reconocen como competitivos en cuanto a:\u00a0<\/p>\n\n\n\n<p><br>A) Intermediaci\u00f3n de edificios industriales<\/p>\n\n\n\n<p>B) Desarrollo de parques industriales para PYMES ( Peque\u00f1a y  mediana empresa)<\/p>\n\n\n\n<p>C) Renta de bodegas para manufactura, almacenaje, log\u00edstica 3PL, transporte de caja seca y m\u00e1s<\/p>\n\n\n\n<p>Contamos con alianzas en el sector industrial c\u00f3mo; <\/p>\n\n\n\n<p>CBRE, JLL, PROLOGIS, NEWMARK KNIGHT FRANK, CUSHMAN AND WAKEFIELD, PROLOGIS, L\u00d3PEZ GO\u00d1I, GRUPO CODARQ<br><br>4 Puntos de nuestra filosof\u00eda<\/p>\n\n\n\n<p><strong>1.-Re-ubicaci\u00f3n instant\u00e1nea.<\/strong><\/p>\n\n\n\n<p><strong>2.-Debida Diligencia <\/strong><\/p>\n\n\n\n<p><strong>3.-B\u00fasqueda minuciosa en m\u00faltiples canales inmobiliarios<\/strong><\/p>\n\n\n\n<p><strong>4.-Inversi\u00f3n continua en investigaci\u00f3n y desarrollo.<\/strong><\/p>\n<\/blockquote>\n\n\n\n<figure class=\"wp-block-image\"><img loading=\"lazy\" decoding=\"async\" width=\"1024\" height=\"768\" src=\"http:\/\/tbcindustrial.com.mx\/wp-content\/uploads\/2019\/10\/lote-1-web-chana-6-1-1024x768.jpg\" alt=\"\" class=\"wp-image-68\" srcset=\"http:\/\/tbcindustrial.com.mx\/wp-content\/uploads\/2019\/10\/lote-1-web-chana-6-1-1024x768.jpg 1024w, http:\/\/tbcindustrial.com.mx\/wp-content\/uploads\/2019\/10\/lote-1-web-chana-6-1-300x225.jpg 300w, http:\/\/tbcindustrial.com.mx\/wp-content\/uploads\/2019\/10\/lote-1-web-chana-6-1-768x576.jpg 768w, http:\/\/tbcindustrial.com.mx\/wp-content\/uploads\/2019\/10\/lote-1-web-chana-6-1.jpg 1280w\" sizes=\"auto, (max-width: 1024px) 100vw, 1024px\" \/><\/figure>\n\n\n\n<figure class=\"wp-block-image size-large\"><img loading=\"lazy\" decoding=\"async\" width=\"768\" height=\"1024\" src=\"https:\/\/tbcindustrial.com.mx\/wp-content\/uploads\/2020\/01\/samano-pame-4-768x1024.jpg\" alt=\"\" class=\"wp-image-93\" srcset=\"http:\/\/tbcindustrial.com.mx\/wp-content\/uploads\/2020\/01\/samano-pame-4-768x1024.jpg 768w, http:\/\/tbcindustrial.com.mx\/wp-content\/uploads\/2020\/01\/samano-pame-4-225x300.jpg 225w, http:\/\/tbcindustrial.com.mx\/wp-content\/uploads\/2020\/01\/samano-pame-4.jpg 960w\" sizes=\"auto, (max-width: 768px) 100vw, 768px\" \/><\/figure>\n\n\n<p class=\"wpcf7-contact-form-not-found\"><strong>Error:<\/strong> Formulario de contacto no encontrado.<\/p>\n\n\n\n<p><\/p>\n","protected":false},"excerpt":{"rendered":"<p>Intermediaci\u00f3n inmobiliaria Industrial Pregunta por nuestro inventario actualizado +52 55 5308 7310 Fachadas y espacios internos de nuestras opciones Terrenos y Bodegas Industriales de Cuautitl\u00e1n Expertos en las zonas de: &hellip;<\/p>\n","protected":false},"author":1,"featured_media":0,"parent":0,"menu_order":0,"comment_status":"closed","ping_status":"closed","template":"","meta":{"footnotes":""},"class_list":["post-2","page","type-page","status-publish","hentry"],"_links":{"self":[{"href":"http:\/\/tbcindustrial.com.mx\/index.php\/wp-json\/wp\/v2\/pages\/2","targetHints":{"allow":["GET"]}}],"collection":[{"href":"http:\/\/tbcindustrial.com.mx\/index.php\/wp-json\/wp\/v2\/pages"}],"about":[{"href":"http:\/\/tbcindustrial.com.mx\/index.php\/wp-json\/wp\/v2\/types\/page"}],"author":[{"embeddable":true,"href":"http:\/\/tbcindustrial.com.mx\/index.php\/wp-json\/wp\/v2\/users\/1"}],"replies":[{"embeddable":true,"href":"http:\/\/tbcindustrial.com.mx\/index.php\/wp-json\/wp\/v2\/comments?post=2"}],"version-history":[{"count":31,"href":"http:\/\/tbcindustrial.com.mx\/index.php\/wp-json\/wp\/v2\/pages\/2\/revisions"}],"predecessor-version":[{"id":991,"href":"http:\/\/tbcindustrial.com.mx\/index.php\/wp-json\/wp\/v2\/pages\/2\/revisions\/991"}],"wp:attachment":[{"href":"http:\/\/tbcindustrial.com.mx\/index.php\/wp-json\/wp\/v2\/media?parent=2"}],"curies":[{"name":"wp","href":"https:\/\/api.w.org\/{rel}","templated":true}]}}